{"id":2192,"date":"2023-10-17T19:32:43","date_gmt":"2023-10-17T17:32:43","guid":{"rendered":"https:\/\/rubies.compsaonline.com\/productos\/armarios\/"},"modified":"2023-10-18T17:51:21","modified_gmt":"2023-10-18T15:51:21","slug":"armarios","status":"publish","type":"page","link":"https:\/\/rubies.compsaonline.com\/es\/productos\/armarios\/","title":{"rendered":"Armarios"},"content":{"rendered":"<div class=\"fusion-fullwidth fullwidth-box fusion-builder-row-1 fusion-flex-container has-pattern-background has-mask-background nonhundred-percent-fullwidth non-hundred-percent-height-scrolling\" style=\"--awb-border-radius-top-left:0px;--awb-border-radius-top-right:0px;--awb-border-radius-bottom-right:0px;--awb-border-radius-bottom-left:0px;--awb-flex-wrap:wrap;\" ><div class=\"fusion-builder-row fusion-row fusion-flex-align-items-flex-start fusion-flex-content-wrap\" style=\"max-width:1331.2px;margin-left: calc(-4% \/ 2 );margin-right: calc(-4% \/ 2 );\"><div class=\"fusion-layout-column fusion_builder_column fusion-builder-column-0 fusion_builder_column_1_1 1_1 fusion-flex-column\" style=\"--awb-padding-right:15%;--awb-padding-left:15%;--awb-padding-right-medium:60px;--awb-padding-left-medium:60px;--awb-padding-right-small:40px;--awb-padding-left-small:40px;--awb-bg-blend:overlay;--awb-bg-size:cover;--awb-width-large:100%;--awb-margin-top-large:42px;--awb-spacing-right-large:1.92%;--awb-margin-bottom-large:20px;--awb-spacing-left-large:1.92%;--awb-width-medium:100%;--awb-spacing-right-medium:1.92%;--awb-margin-bottom-medium:0px;--awb-spacing-left-medium:1.92%;--awb-width-small:100%;--awb-spacing-right-small:1.92%;--awb-spacing-left-small:1.92%;\" id=\"armaris\"><div class=\"fusion-column-wrapper fusion-flex-justify-content-flex-start fusion-content-layout-column\"><div class=\"fusion-title title fusion-title-1 fusion-sep-none fusion-title-center fusion-title-text fusion-title-size-two\" style=\"--awb-text-color:rgba(94,61,44,0.1);--awb-margin-bottom-small:10px;--awb-font-size:70px;\"><h2 class=\"fusion-title-heading title-heading-center fusion-responsive-typography-calculated\" style=\"font-family:&quot;Open Sans&quot;;font-style:italic;font-weight:800;margin:0;font-size:1em;text-transform:none;--fontSize:70;line-height:1.3;\">armarios<\/h2><\/div><div class=\"fusion-title title fusion-title-2 fusion-sep-none fusion-title-center fusion-title-text fusion-title-size-three\" style=\"--awb-text-color:var(--awb-color8);--awb-margin-top:-70px;--awb-font-size:40px;\"><h3 class=\"fusion-title-heading title-heading-center fusion-responsive-typography-calculated\" style=\"font-family:&quot;Open Sans&quot;;font-style:normal;font-weight:500;margin:0;font-size:1em;text-transform:capitalize;--fontSize:40;line-height:1.45;\">ARMARIOS<\/h3><\/div><div class=\"fusion-separator\" style=\"align-self: center;margin-left: auto;margin-right: auto;margin-top:0px;margin-bottom:30px;width:100%;max-width:40px;\"><div class=\"fusion-separator-border sep-single sep-solid\" style=\"--awb-height:20px;--awb-amount:20px;--awb-sep-color:var(--awb-color5);border-color:var(--awb-color5);border-top-width:4px;\"><\/div><\/div><\/div><\/div><div class=\"fusion-layout-column fusion_builder_column fusion-builder-column-1 fusion_builder_column_1_1 1_1 fusion-flex-column\" style=\"--awb-bg-size:cover;--awb-width-large:100%;--awb-margin-top-large:0px;--awb-spacing-right-large:1.92%;--awb-margin-bottom-large:0px;--awb-spacing-left-large:1.92%;--awb-width-medium:100%;--awb-order-medium:0;--awb-spacing-right-medium:1.92%;--awb-spacing-left-medium:1.92%;--awb-width-small:100%;--awb-order-small:0;--awb-spacing-right-small:1.92%;--awb-spacing-left-small:1.92%;\"><div class=\"fusion-column-wrapper fusion-column-has-shadow fusion-flex-justify-content-flex-start fusion-content-layout-column\"><div class=\"fusion-builder-row fusion-builder-row-inner fusion-row fusion-flex-align-items-flex-start fusion-flex-content-wrap\" style=\"width:104% !important;max-width:104% !important;margin-left: calc(-4% \/ 2 );margin-right: calc(-4% \/ 2 );\"><div class=\"fusion-layout-column fusion_builder_column_inner fusion-builder-nested-column-0 fusion_builder_column_inner_1_2 1_2 fusion-flex-column fusion-flex-align-self-center\" style=\"--awb-bg-size:cover;--awb-width-large:50%;--awb-margin-top-large:0px;--awb-spacing-right-large:3.84%;--awb-margin-bottom-large:0px;--awb-spacing-left-large:3.84%;--awb-width-medium:100%;--awb-order-medium:0;--awb-spacing-right-medium:1.92%;--awb-spacing-left-medium:1.92%;--awb-width-small:100%;--awb-order-small:0;--awb-spacing-right-small:1.92%;--awb-spacing-left-small:1.92%;\"><div class=\"fusion-column-wrapper fusion-column-has-shadow fusion-flex-justify-content-flex-start fusion-content-layout-column\"><div class=\"fusion-text fusion-text-1\"><p>Los armarios contempor\u00e1neos son <strong>mucho m\u00e1s que sitios para guardar la ropa.<\/strong> Adem\u00e1s de ofrecer una amplia capacidad de almacenamiento, han sido dise\u00f1ados por ser el punto focal de la habitaci\u00f3n. Su estilo y acabado pueden transformar una simple estancia en un espacio elegante y sofisticado.<\/p>\n<p>En nuestra carpinter\u00eda, <strong>entendemos la constante<\/strong> evoluci\u00f3n del armario y estamos dedicados a ofrecer productos que est\u00e9n a la vanguardia del dise\u00f1o y la funcionalidad. Ya sea que necesites un armario tradicional, un armario a medida o una prenda \u00fanica que cumpla con tus necesidades espec\u00edficas, <strong>estamos aqu\u00ed<\/strong> para crear la soluci\u00f3n perfecta.<\/p>\n<p>Deja que nuestra carpinter\u00eda te muestre c\u00f3mo esta prenda tan vers\u00e1til puede ser un <strong>elemento clave<\/strong> en tu hogar u oficina. Descubre las <strong>infinitas posibilidades<\/strong> que ofrecen los armarios de hoy en d\u00eda y c\u00f3mo podemos personalizarlos para adaptarse a tus necesidades espec\u00edficas y estilo personal.<\/p>\n<\/div><\/div><\/div><div class=\"fusion-layout-column fusion_builder_column_inner fusion-builder-nested-column-1 fusion_builder_column_inner_1_2 1_2 fusion-flex-column fusion-flex-align-self-center\" style=\"--awb-bg-size:cover;--awb-width-large:50%;--awb-margin-top-large:0px;--awb-spacing-right-large:3.84%;--awb-margin-bottom-large:0px;--awb-spacing-left-large:3.84%;--awb-width-medium:100%;--awb-order-medium:0;--awb-spacing-right-medium:1.92%;--awb-spacing-left-medium:1.92%;--awb-width-small:100%;--awb-order-small:0;--awb-spacing-right-small:1.92%;--awb-spacing-left-small:1.92%;\"><div class=\"fusion-column-wrapper fusion-column-has-shadow fusion-flex-justify-content-flex-start fusion-content-layout-column\"><div class=\"fusion-image-element \" style=\"--awb-aspect-ratio: 100 \/ 75;--awb-caption-title-font-family:var(--h2_typography-font-family);--awb-caption-title-font-weight:var(--h2_typography-font-weight);--awb-caption-title-font-style:var(--h2_typography-font-style);--awb-caption-title-size:var(--h2_typography-font-size);--awb-caption-title-transform:var(--h2_typography-text-transform);--awb-caption-title-line-height:var(--h2_typography-line-height);--awb-caption-title-letter-spacing:var(--h2_typography-letter-spacing);\"><span class=\" fusion-imageframe imageframe-none imageframe-1 hover-type-none has-aspect-ratio\"><img decoding=\"async\" width=\"1080\" height=\"1080\" title=\"Armari_Fusteria_Rubies\" src=\"https:\/\/rubies.compsaonline.com\/wp-content\/uploads\/2023\/10\/Armari_Fusteria_Rubies.jpg\" data-orig-src=\"https:\/\/rubies.compsaonline.com\/wp-content\/uploads\/2023\/10\/Armari_Fusteria_Rubies.jpg\" class=\"lazyload img-responsive wp-image-2109 img-with-aspect-ratio\" alt srcset=\"data:image\/svg+xml,%3Csvg%20xmlns%3D%27http%3A%2F%2Fwww.w3.org%2F2000%2Fsvg%27%20width%3D%271080%27%20height%3D%271080%27%20viewBox%3D%270%200%201080%201080%27%3E%3Crect%20width%3D%271080%27%20height%3D%271080%27%20fill-opacity%3D%220%22%2F%3E%3C%2Fsvg%3E\" data-srcset=\"https:\/\/rubies.compsaonline.com\/wp-content\/uploads\/2023\/10\/Armari_Fusteria_Rubies-200x200.jpg 200w, https:\/\/rubies.compsaonline.com\/wp-content\/uploads\/2023\/10\/Armari_Fusteria_Rubies-400x400.jpg 400w, https:\/\/rubies.compsaonline.com\/wp-content\/uploads\/2023\/10\/Armari_Fusteria_Rubies-600x600.jpg 600w, https:\/\/rubies.compsaonline.com\/wp-content\/uploads\/2023\/10\/Armari_Fusteria_Rubies-800x800.jpg 800w, https:\/\/rubies.compsaonline.com\/wp-content\/uploads\/2023\/10\/Armari_Fusteria_Rubies.jpg 1080w\" data-sizes=\"auto\" data-orig-sizes=\"(max-width: 1024px) 100vw, (max-width: 640px) 100vw, 800px\" \/><\/span><\/div><\/div><\/div><\/div><\/div><\/div><div class=\"fusion-layout-column fusion_builder_column fusion-builder-column-2 fusion_builder_column_1_1 1_1 fusion-flex-column\" style=\"--awb-padding-top:40px;--awb-bg-size:cover;--awb-width-large:100%;--awb-margin-top-large:0px;--awb-spacing-right-large:1.92%;--awb-margin-bottom-large:0px;--awb-spacing-left-large:1.92%;--awb-width-medium:100%;--awb-order-medium:0;--awb-spacing-right-medium:1.92%;--awb-spacing-left-medium:1.92%;--awb-width-small:100%;--awb-order-small:0;--awb-spacing-right-small:1.92%;--awb-spacing-left-small:1.92%;\"><div class=\"fusion-column-wrapper fusion-column-has-shadow fusion-flex-justify-content-flex-start fusion-content-layout-column\"><div class=\"fusion-builder-row fusion-builder-row-inner fusion-row fusion-flex-align-items-flex-start fusion-flex-content-wrap\" style=\"width:104% !important;max-width:104% !important;margin-left: calc(-4% \/ 2 );margin-right: calc(-4% \/ 2 );\"><div class=\"fusion-layout-column fusion_builder_column_inner fusion-builder-nested-column-2 fusion_builder_column_inner_1_4 1_4 fusion-flex-column fusion-flex-align-self-center\" style=\"--awb-bg-size:cover;--awb-width-large:25%;--awb-margin-top-large:0px;--awb-spacing-right-large:0%;--awb-margin-bottom-large:0px;--awb-spacing-left-large:7.68%;--awb-width-medium:100%;--awb-order-medium:0;--awb-spacing-right-medium:1.92%;--awb-spacing-left-medium:1.92%;--awb-width-small:100%;--awb-order-small:0;--awb-spacing-right-small:1.92%;--awb-spacing-left-small:1.92%;\"><div class=\"fusion-column-wrapper fusion-column-has-shadow fusion-flex-justify-content-flex-start fusion-content-layout-column\"><div class=\"fusion-image-element \" style=\"--awb-margin-top:-80px;--awb-margin-right:-80px;--awb-caption-title-font-family:var(--h2_typography-font-family);--awb-caption-title-font-weight:var(--h2_typography-font-weight);--awb-caption-title-font-style:var(--h2_typography-font-style);--awb-caption-title-size:var(--h2_typography-font-size);--awb-caption-title-transform:var(--h2_typography-text-transform);--awb-caption-title-line-height:var(--h2_typography-line-height);--awb-caption-title-letter-spacing:var(--h2_typography-letter-spacing);\"><span class=\" fusion-imageframe imageframe-none imageframe-2 hover-type-none\" style=\"border:15px solid var(--awb-color1);\"><img decoding=\"async\" width=\"2000\" height=\"1333\" title=\"Armari_Fusteria_Rubies_2\" src=\"https:\/\/rubies.compsaonline.com\/wp-content\/uploads\/2023\/10\/Armari_Fusteria_Rubies_2.jpg\" data-orig-src=\"https:\/\/rubies.compsaonline.com\/wp-content\/uploads\/2023\/10\/Armari_Fusteria_Rubies_2.jpg\" alt class=\"lazyload img-responsive wp-image-2112\" srcset=\"data:image\/svg+xml,%3Csvg%20xmlns%3D%27http%3A%2F%2Fwww.w3.org%2F2000%2Fsvg%27%20width%3D%272000%27%20height%3D%271333%27%20viewBox%3D%270%200%202000%201333%27%3E%3Crect%20width%3D%272000%27%20height%3D%271333%27%20fill-opacity%3D%220%22%2F%3E%3C%2Fsvg%3E\" data-srcset=\"https:\/\/rubies.compsaonline.com\/wp-content\/uploads\/2023\/10\/Armari_Fusteria_Rubies_2-200x133.jpg 200w, https:\/\/rubies.compsaonline.com\/wp-content\/uploads\/2023\/10\/Armari_Fusteria_Rubies_2-400x267.jpg 400w, https:\/\/rubies.compsaonline.com\/wp-content\/uploads\/2023\/10\/Armari_Fusteria_Rubies_2-600x400.jpg 600w, https:\/\/rubies.compsaonline.com\/wp-content\/uploads\/2023\/10\/Armari_Fusteria_Rubies_2-800x533.jpg 800w, https:\/\/rubies.compsaonline.com\/wp-content\/uploads\/2023\/10\/Armari_Fusteria_Rubies_2-1200x800.jpg 1200w, https:\/\/rubies.compsaonline.com\/wp-content\/uploads\/2023\/10\/Armari_Fusteria_Rubies_2.jpg 2000w\" data-sizes=\"auto\" data-orig-sizes=\"(max-width: 1024px) 100vw, (max-width: 640px) 100vw, 400px\" \/><\/span><\/div><\/div><\/div><div class=\"fusion-layout-column fusion_builder_column_inner fusion-builder-nested-column-3 fusion_builder_column_inner_1_4 1_4 fusion-flex-column fusion-flex-align-self-center\" style=\"--awb-bg-size:cover;--awb-width-large:25%;--awb-margin-top-large:0px;--awb-spacing-right-large:7.68%;--awb-margin-bottom-large:0px;--awb-spacing-left-large:0%;--awb-width-medium:100%;--awb-order-medium:0;--awb-spacing-right-medium:1.92%;--awb-spacing-left-medium:1.92%;--awb-width-small:100%;--awb-order-small:0;--awb-spacing-right-small:1.92%;--awb-spacing-left-small:1.92%;\"><div class=\"fusion-column-wrapper fusion-column-has-shadow fusion-flex-justify-content-flex-start fusion-content-layout-column\"><div class=\"fusion-image-element \" style=\"--awb-margin-left:-50px;--awb-caption-title-font-family:var(--h2_typography-font-family);--awb-caption-title-font-weight:var(--h2_typography-font-weight);--awb-caption-title-font-style:var(--h2_typography-font-style);--awb-caption-title-size:var(--h2_typography-font-size);--awb-caption-title-transform:var(--h2_typography-text-transform);--awb-caption-title-line-height:var(--h2_typography-line-height);--awb-caption-title-letter-spacing:var(--h2_typography-letter-spacing);\"><span class=\" fusion-imageframe imageframe-none imageframe-3 hover-type-none\" style=\"border:15px solid var(--awb-color1);\"><img decoding=\"async\" width=\"2000\" height=\"1125\" title=\"Armari_Fusteria_Rubies_3\" src=\"https:\/\/rubies.compsaonline.com\/wp-content\/uploads\/2023\/10\/Armari_Fusteria_Rubies_3.jpg\" data-orig-src=\"https:\/\/rubies.compsaonline.com\/wp-content\/uploads\/2023\/10\/Armari_Fusteria_Rubies_3.jpg\" alt class=\"lazyload img-responsive wp-image-2111\" srcset=\"data:image\/svg+xml,%3Csvg%20xmlns%3D%27http%3A%2F%2Fwww.w3.org%2F2000%2Fsvg%27%20width%3D%272000%27%20height%3D%271125%27%20viewBox%3D%270%200%202000%201125%27%3E%3Crect%20width%3D%272000%27%20height%3D%271125%27%20fill-opacity%3D%220%22%2F%3E%3C%2Fsvg%3E\" data-srcset=\"https:\/\/rubies.compsaonline.com\/wp-content\/uploads\/2023\/10\/Armari_Fusteria_Rubies_3-200x113.jpg 200w, https:\/\/rubies.compsaonline.com\/wp-content\/uploads\/2023\/10\/Armari_Fusteria_Rubies_3-400x225.jpg 400w, https:\/\/rubies.compsaonline.com\/wp-content\/uploads\/2023\/10\/Armari_Fusteria_Rubies_3-600x338.jpg 600w, https:\/\/rubies.compsaonline.com\/wp-content\/uploads\/2023\/10\/Armari_Fusteria_Rubies_3-800x450.jpg 800w, https:\/\/rubies.compsaonline.com\/wp-content\/uploads\/2023\/10\/Armari_Fusteria_Rubies_3-1200x675.jpg 1200w, https:\/\/rubies.compsaonline.com\/wp-content\/uploads\/2023\/10\/Armari_Fusteria_Rubies_3.jpg 2000w\" data-sizes=\"auto\" data-orig-sizes=\"(max-width: 1024px) 100vw, (max-width: 640px) 100vw, 400px\" \/><\/span><\/div><\/div><\/div><div class=\"fusion-layout-column fusion_builder_column_inner fusion-builder-nested-column-4 fusion_builder_column_inner_1_2 1_2 fusion-flex-column fusion-flex-align-self-center\" style=\"--awb-bg-size:cover;--awb-width-large:50%;--awb-margin-top-large:0px;--awb-spacing-right-large:3.84%;--awb-margin-bottom-large:0px;--awb-spacing-left-large:3.84%;--awb-width-medium:100%;--awb-order-medium:0;--awb-spacing-right-medium:1.92%;--awb-spacing-left-medium:1.92%;--awb-width-small:100%;--awb-order-small:0;--awb-spacing-right-small:1.92%;--awb-spacing-left-small:1.92%;\"><div class=\"fusion-column-wrapper fusion-column-has-shadow fusion-flex-justify-content-flex-start fusion-content-layout-column\"><div class=\"fusion-text fusion-text-2\"><h4><strong>Forrajes y mecanismos<\/strong><\/h4>\n<p>Mecanismos de colgar articulados que aprovechan toda la altura del armario ya que una vez termina la operaci\u00f3n de carga o descarga, se elevan hasta la parte superior, dejando libre la parte inferior.<\/p>\n<h4><strong>Soluciones ajustadas<\/strong><\/h4>\n<p>La falta de espacio, los cambios de est\u00e9tica y la necesidad de una elevada funcionalidad nos empujan a encontrar nuevas soluciones en el proyecto de su armario. Con versi\u00f3n empotrada, con puerta corredera o aprovechando toda la altura del piso, podemos encontrar el dise\u00f1o m\u00e1s adecuado.<\/p>\n<\/div><\/div><\/div><\/div><\/div><\/div><\/div><\/div>\n","protected":false},"excerpt":{"rendered":"","protected":false},"author":1,"featured_media":0,"parent":2189,"menu_order":0,"comment_status":"closed","ping_status":"closed","template":"100-width.php","meta":{"footnotes":""},"class_list":["post-2192","page","type-page","status-publish","hentry"],"yoast_head":"<!-- This site is optimized with the Yoast SEO plugin v21.4 - https:\/\/yoast.com\/wordpress\/plugins\/seo\/ -->\n<title>Armarios - Fusteria R\u00fabies<\/title>\n<meta name=\"robots\" content=\"noindex, follow, max-snippet:-1, max-image-preview:large, max-video-preview:-1\" \/>\n<meta property=\"og:locale\" content=\"es_ES\" \/>\n<meta property=\"og:type\" content=\"article\" \/>\n<meta property=\"og:title\" content=\"Armarios - Fusteria R\u00fabies\" \/>\n<meta property=\"og:url\" content=\"https:\/\/rubies.compsaonline.com\/es\/productos\/armarios\/\" \/>\n<meta property=\"og:site_name\" content=\"Fusteria R\u00fabies\" \/>\n<meta property=\"article:publisher\" content=\"https:\/\/www.facebook.com\/fusteria.ramonrubies\/?locale=es_ES\" \/>\n<meta property=\"article:modified_time\" content=\"2023-10-18T15:51:21+00:00\" \/>\n<meta name=\"twitter:card\" content=\"summary_large_image\" \/>\n<meta name=\"twitter:label1\" content=\"Tiempo de lectura\" \/>\n\t<meta name=\"twitter:data1\" content=\"14 minutos\" \/>\n<script type=\"application\/ld+json\" class=\"yoast-schema-graph\">{\"@context\":\"https:\/\/schema.org\",\"@graph\":[{\"@type\":\"WebPage\",\"@id\":\"https:\/\/rubies.compsaonline.com\/es\/productos\/armarios\/\",\"url\":\"https:\/\/rubies.compsaonline.com\/es\/productos\/armarios\/\",\"name\":\"Armarios - Fusteria R\u00fabies\",\"isPartOf\":{\"@id\":\"https:\/\/rubies.compsaonline.com\/es\/#website\"},\"datePublished\":\"2023-10-17T17:32:43+00:00\",\"dateModified\":\"2023-10-18T15:51:21+00:00\",\"breadcrumb\":{\"@id\":\"https:\/\/rubies.compsaonline.com\/es\/productos\/armarios\/#breadcrumb\"},\"inLanguage\":\"es\",\"potentialAction\":[{\"@type\":\"ReadAction\",\"target\":[\"https:\/\/rubies.compsaonline.com\/es\/productos\/armarios\/\"]}]},{\"@type\":\"BreadcrumbList\",\"@id\":\"https:\/\/rubies.compsaonline.com\/es\/productos\/armarios\/#breadcrumb\",\"itemListElement\":[{\"@type\":\"ListItem\",\"position\":1,\"name\":\"Portada\",\"item\":\"https:\/\/rubies.compsaonline.com\/es\/inicio\/\"},{\"@type\":\"ListItem\",\"position\":2,\"name\":\"Productos\",\"item\":\"https:\/\/rubies.compsaonline.com\/es\/productos\/\"},{\"@type\":\"ListItem\",\"position\":3,\"name\":\"Armarios\"}]},{\"@type\":\"WebSite\",\"@id\":\"https:\/\/rubies.compsaonline.com\/es\/#website\",\"url\":\"https:\/\/rubies.compsaonline.com\/es\/\",\"name\":\"Fusteria R\u00fabies\",\"description\":\"M\u00e9s de 50 anys dedicats a la fusta\",\"publisher\":{\"@id\":\"https:\/\/rubies.compsaonline.com\/es\/#organization\"},\"potentialAction\":[{\"@type\":\"SearchAction\",\"target\":{\"@type\":\"EntryPoint\",\"urlTemplate\":\"https:\/\/rubies.compsaonline.com\/es\/?s={search_term_string}\"},\"query-input\":\"required name=search_term_string\"}],\"inLanguage\":\"es\"},{\"@type\":\"Organization\",\"@id\":\"https:\/\/rubies.compsaonline.com\/es\/#organization\",\"name\":\"Fusteria R\u00fabies\",\"url\":\"https:\/\/rubies.compsaonline.com\/es\/\",\"logo\":{\"@type\":\"ImageObject\",\"inLanguage\":\"es\",\"@id\":\"https:\/\/rubies.compsaonline.com\/es\/#\/schema\/logo\/image\/\",\"url\":\"https:\/\/rubies.compsaonline.com\/wp-content\/uploads\/2023\/09\/Logo_Fusteria_Rubies_retina.png\",\"contentUrl\":\"https:\/\/rubies.compsaonline.com\/wp-content\/uploads\/2023\/09\/Logo_Fusteria_Rubies_retina.png\",\"width\":3842,\"height\":425,\"caption\":\"Fusteria R\u00fabies\"},\"image\":{\"@id\":\"https:\/\/rubies.compsaonline.com\/es\/#\/schema\/logo\/image\/\"},\"sameAs\":[\"https:\/\/www.facebook.com\/fusteria.ramonrubies\/?locale=es_ES\"]}]}<\/script>\n<!-- \/ Yoast SEO plugin. -->","yoast_head_json":{"title":"Armarios - Fusteria R\u00fabies","robots":{"index":"noindex","follow":"follow","max-snippet":"max-snippet:-1","max-image-preview":"max-image-preview:large","max-video-preview":"max-video-preview:-1"},"og_locale":"es_ES","og_type":"article","og_title":"Armarios - Fusteria R\u00fabies","og_url":"https:\/\/rubies.compsaonline.com\/es\/productos\/armarios\/","og_site_name":"Fusteria R\u00fabies","article_publisher":"https:\/\/www.facebook.com\/fusteria.ramonrubies\/?locale=es_ES","article_modified_time":"2023-10-18T15:51:21+00:00","twitter_card":"summary_large_image","twitter_misc":{"Tiempo de lectura":"14 minutos"},"schema":{"@context":"https:\/\/schema.org","@graph":[{"@type":"WebPage","@id":"https:\/\/rubies.compsaonline.com\/es\/productos\/armarios\/","url":"https:\/\/rubies.compsaonline.com\/es\/productos\/armarios\/","name":"Armarios - Fusteria R\u00fabies","isPartOf":{"@id":"https:\/\/rubies.compsaonline.com\/es\/#website"},"datePublished":"2023-10-17T17:32:43+00:00","dateModified":"2023-10-18T15:51:21+00:00","breadcrumb":{"@id":"https:\/\/rubies.compsaonline.com\/es\/productos\/armarios\/#breadcrumb"},"inLanguage":"es","potentialAction":[{"@type":"ReadAction","target":["https:\/\/rubies.compsaonline.com\/es\/productos\/armarios\/"]}]},{"@type":"BreadcrumbList","@id":"https:\/\/rubies.compsaonline.com\/es\/productos\/armarios\/#breadcrumb","itemListElement":[{"@type":"ListItem","position":1,"name":"Portada","item":"https:\/\/rubies.compsaonline.com\/es\/inicio\/"},{"@type":"ListItem","position":2,"name":"Productos","item":"https:\/\/rubies.compsaonline.com\/es\/productos\/"},{"@type":"ListItem","position":3,"name":"Armarios"}]},{"@type":"WebSite","@id":"https:\/\/rubies.compsaonline.com\/es\/#website","url":"https:\/\/rubies.compsaonline.com\/es\/","name":"Fusteria R\u00fabies","description":"M\u00e9s de 50 anys dedicats a la fusta","publisher":{"@id":"https:\/\/rubies.compsaonline.com\/es\/#organization"},"potentialAction":[{"@type":"SearchAction","target":{"@type":"EntryPoint","urlTemplate":"https:\/\/rubies.compsaonline.com\/es\/?s={search_term_string}"},"query-input":"required name=search_term_string"}],"inLanguage":"es"},{"@type":"Organization","@id":"https:\/\/rubies.compsaonline.com\/es\/#organization","name":"Fusteria R\u00fabies","url":"https:\/\/rubies.compsaonline.com\/es\/","logo":{"@type":"ImageObject","inLanguage":"es","@id":"https:\/\/rubies.compsaonline.com\/es\/#\/schema\/logo\/image\/","url":"https:\/\/rubies.compsaonline.com\/wp-content\/uploads\/2023\/09\/Logo_Fusteria_Rubies_retina.png","contentUrl":"https:\/\/rubies.compsaonline.com\/wp-content\/uploads\/2023\/09\/Logo_Fusteria_Rubies_retina.png","width":3842,"height":425,"caption":"Fusteria R\u00fabies"},"image":{"@id":"https:\/\/rubies.compsaonline.com\/es\/#\/schema\/logo\/image\/"},"sameAs":["https:\/\/www.facebook.com\/fusteria.ramonrubies\/?locale=es_ES"]}]}},"_links":{"self":[{"href":"https:\/\/rubies.compsaonline.com\/es\/wp-json\/wp\/v2\/pages\/2192","targetHints":{"allow":["GET"]}}],"collection":[{"href":"https:\/\/rubies.compsaonline.com\/es\/wp-json\/wp\/v2\/pages"}],"about":[{"href":"https:\/\/rubies.compsaonline.com\/es\/wp-json\/wp\/v2\/types\/page"}],"author":[{"embeddable":true,"href":"https:\/\/rubies.compsaonline.com\/es\/wp-json\/wp\/v2\/users\/1"}],"replies":[{"embeddable":true,"href":"https:\/\/rubies.compsaonline.com\/es\/wp-json\/wp\/v2\/comments?post=2192"}],"version-history":[{"count":10,"href":"https:\/\/rubies.compsaonline.com\/es\/wp-json\/wp\/v2\/pages\/2192\/revisions"}],"predecessor-version":[{"id":2277,"href":"https:\/\/rubies.compsaonline.com\/es\/wp-json\/wp\/v2\/pages\/2192\/revisions\/2277"}],"up":[{"embeddable":true,"href":"https:\/\/rubies.compsaonline.com\/es\/wp-json\/wp\/v2\/pages\/2189"}],"wp:attachment":[{"href":"https:\/\/rubies.compsaonline.com\/es\/wp-json\/wp\/v2\/media?parent=2192"}],"curies":[{"name":"wp","href":"https:\/\/api.w.org\/{rel}","templated":true}]}}