{"id":2201,"date":"2023-10-17T19:33:53","date_gmt":"2023-10-17T17:33:53","guid":{"rendered":"https:\/\/rubies.compsaonline.com\/productos\/control-numerico\/"},"modified":"2023-10-18T17:52:12","modified_gmt":"2023-10-18T15:52:12","slug":"control-numerico","status":"publish","type":"page","link":"https:\/\/rubies.compsaonline.com\/es\/productos\/control-numerico\/","title":{"rendered":"Control num\u00e9rico"},"content":{"rendered":"<div class=\"fusion-fullwidth fullwidth-box fusion-builder-row-1 fusion-flex-container has-pattern-background has-mask-background nonhundred-percent-fullwidth non-hundred-percent-height-scrolling\" style=\"--awb-border-radius-top-left:0px;--awb-border-radius-top-right:0px;--awb-border-radius-bottom-right:0px;--awb-border-radius-bottom-left:0px;--awb-flex-wrap:wrap;\" ><div class=\"fusion-builder-row fusion-row fusion-flex-align-items-flex-start fusion-flex-content-wrap\" style=\"max-width:1331.2px;margin-left: calc(-4% \/ 2 );margin-right: calc(-4% \/ 2 );\"><div class=\"fusion-layout-column fusion_builder_column fusion-builder-column-0 fusion_builder_column_1_1 1_1 fusion-flex-column\" style=\"--awb-padding-right:15%;--awb-padding-left:15%;--awb-padding-right-medium:60px;--awb-padding-left-medium:60px;--awb-padding-right-small:40px;--awb-padding-left-small:40px;--awb-bg-blend:overlay;--awb-bg-size:cover;--awb-width-large:100%;--awb-margin-top-large:42px;--awb-spacing-right-large:1.92%;--awb-margin-bottom-large:20px;--awb-spacing-left-large:1.92%;--awb-width-medium:100%;--awb-spacing-right-medium:1.92%;--awb-margin-bottom-medium:0px;--awb-spacing-left-medium:1.92%;--awb-width-small:100%;--awb-spacing-right-small:1.92%;--awb-spacing-left-small:1.92%;\" id=\"cnc\"><div class=\"fusion-column-wrapper fusion-flex-justify-content-flex-start fusion-content-layout-column\"><div class=\"fusion-title title fusion-title-1 fusion-sep-none fusion-title-center fusion-title-text fusion-title-size-two\" style=\"--awb-text-color:rgba(94,61,44,0.1);--awb-margin-bottom-small:10px;--awb-font-size:70px;\"><h2 class=\"fusion-title-heading title-heading-center fusion-responsive-typography-calculated\" style=\"font-family:&quot;Open Sans&quot;;font-style:italic;font-weight:800;margin:0;font-size:1em;text-transform:none;--fontSize:70;line-height:1.3;\">control num\u00e9rico<\/h2><\/div><div class=\"fusion-title title fusion-title-2 fusion-sep-none fusion-title-center fusion-title-text fusion-title-size-three\" style=\"--awb-text-color:var(--awb-color8);--awb-margin-top:-70px;--awb-font-size:40px;\"><h3 class=\"fusion-title-heading title-heading-center fusion-responsive-typography-calculated\" style=\"font-family:&quot;Open Sans&quot;;font-style:normal;font-weight:500;margin:0;font-size:1em;text-transform:capitalize;--fontSize:40;line-height:1.45;\">CONTROL NUM\u00c9RICO<\/h3><\/div><div class=\"fusion-separator\" style=\"align-self: center;margin-left: auto;margin-right: auto;margin-top:0px;margin-bottom:30px;width:100%;max-width:40px;\"><div class=\"fusion-separator-border sep-single sep-solid\" style=\"--awb-height:20px;--awb-amount:20px;--awb-sep-color:var(--awb-color5);border-color:var(--awb-color5);border-top-width:4px;\"><\/div><\/div><\/div><\/div><div class=\"fusion-layout-column fusion_builder_column fusion-builder-column-1 fusion_builder_column_1_1 1_1 fusion-flex-column\" style=\"--awb-bg-size:cover;--awb-width-large:100%;--awb-margin-top-large:0px;--awb-spacing-right-large:1.92%;--awb-margin-bottom-large:0px;--awb-spacing-left-large:1.92%;--awb-width-medium:100%;--awb-order-medium:0;--awb-spacing-right-medium:1.92%;--awb-spacing-left-medium:1.92%;--awb-width-small:100%;--awb-order-small:0;--awb-spacing-right-small:1.92%;--awb-spacing-left-small:1.92%;\"><div class=\"fusion-column-wrapper fusion-column-has-shadow fusion-flex-justify-content-flex-start fusion-content-layout-column\"><div class=\"fusion-builder-row fusion-builder-row-inner fusion-row fusion-flex-align-items-flex-start fusion-flex-content-wrap\" style=\"width:104% !important;max-width:104% !important;margin-left: calc(-4% \/ 2 );margin-right: calc(-4% \/ 2 );\"><div class=\"fusion-layout-column fusion_builder_column_inner fusion-builder-nested-column-0 fusion_builder_column_inner_1_2 1_2 fusion-flex-column fusion-flex-align-self-center\" style=\"--awb-bg-size:cover;--awb-width-large:50%;--awb-margin-top-large:0px;--awb-spacing-right-large:3.84%;--awb-margin-bottom-large:0px;--awb-spacing-left-large:3.84%;--awb-width-medium:100%;--awb-order-medium:0;--awb-spacing-right-medium:1.92%;--awb-spacing-left-medium:1.92%;--awb-width-small:100%;--awb-order-small:0;--awb-spacing-right-small:1.92%;--awb-spacing-left-small:1.92%;\"><div class=\"fusion-column-wrapper fusion-column-has-shadow fusion-flex-justify-content-flex-start fusion-content-layout-column\"><div class=\"fusion-text fusion-text-1\"><p>Nuestro centro de mecanizado, el <strong>PRO-MASTER 7018 de HOLZ-HER<\/strong>, es un ejemplo de innovaci\u00f3n y eficiencia en la carpinter\u00eda. Su vista de la instalaci\u00f3n revela una <strong>m\u00e1quina de \u00faltima generaci\u00f3n<\/strong> con una amplia y vers\u00e1til reserva de herramientas. La <strong>mesa de fijaci\u00f3n, con aspiraci\u00f3n de la pieza<\/strong>, mantiene una sujeci\u00f3n segura sin dejar ninguna marca indeseada.<\/p>\n<p>El cabezal de herramientas est\u00e1 dise\u00f1ado para conseguir los <strong>acabados m\u00e1s precisos y de calidad.<\/strong> La pantalla del sistema inform\u00e1tico simplifica el uso y programaci\u00f3n, proporcionando un control total sobre cada detalle de tu proyecto.<\/p>\n<p>Adem\u00e1s, la <strong>fijaci\u00f3n neum\u00e1tica<\/strong> de la prenda es una caracter\u00edstica que ofrece seguridad y comodidad durante el proceso de mecanizado. Con esta tecnolog\u00eda, aseguramos la precisi\u00f3n y calidad en cada trabajo. Nuestro PRO-MASTER 7018 es la prenda central de nuestra capacidad de producci\u00f3n y est\u00e1 a disposici\u00f3n de nuestros clientes para proyectos personalizados de madera y control num\u00e9rico.<\/p>\n<\/div><\/div><\/div><div class=\"fusion-layout-column fusion_builder_column_inner fusion-builder-nested-column-1 fusion_builder_column_inner_1_2 1_2 fusion-flex-column fusion-flex-align-self-center\" style=\"--awb-bg-size:cover;--awb-width-large:50%;--awb-margin-top-large:0px;--awb-spacing-right-large:3.84%;--awb-margin-bottom-large:0px;--awb-spacing-left-large:3.84%;--awb-width-medium:100%;--awb-order-medium:0;--awb-spacing-right-medium:1.92%;--awb-spacing-left-medium:1.92%;--awb-width-small:100%;--awb-order-small:0;--awb-spacing-right-small:1.92%;--awb-spacing-left-small:1.92%;\"><div class=\"fusion-column-wrapper fusion-column-has-shadow fusion-flex-justify-content-flex-start fusion-content-layout-column\"><div class=\"fusion-image-element \" style=\"--awb-aspect-ratio: 100 \/ 75;--awb-caption-title-font-family:var(--h2_typography-font-family);--awb-caption-title-font-weight:var(--h2_typography-font-weight);--awb-caption-title-font-style:var(--h2_typography-font-style);--awb-caption-title-size:var(--h2_typography-font-size);--awb-caption-title-transform:var(--h2_typography-text-transform);--awb-caption-title-line-height:var(--h2_typography-line-height);--awb-caption-title-letter-spacing:var(--h2_typography-letter-spacing);\"><span class=\" fusion-imageframe imageframe-none imageframe-1 hover-type-none has-aspect-ratio\"><img decoding=\"async\" width=\"900\" height=\"675\" title=\"Control_N\u00fameric_Ferreteria_Rubies_3\" src=\"https:\/\/rubies.compsaonline.com\/wp-content\/uploads\/2023\/10\/Control_Numeric_Ferreteria_Rubies_3.png\" data-orig-src=\"https:\/\/rubies.compsaonline.com\/wp-content\/uploads\/2023\/10\/Control_Numeric_Ferreteria_Rubies_3.png\" class=\"lazyload img-responsive wp-image-2116 img-with-aspect-ratio\" alt srcset=\"data:image\/svg+xml,%3Csvg%20xmlns%3D%27http%3A%2F%2Fwww.w3.org%2F2000%2Fsvg%27%20width%3D%27900%27%20height%3D%27675%27%20viewBox%3D%270%200%20900%20675%27%3E%3Crect%20width%3D%27900%27%20height%3D%27675%27%20fill-opacity%3D%220%22%2F%3E%3C%2Fsvg%3E\" data-srcset=\"https:\/\/rubies.compsaonline.com\/wp-content\/uploads\/2023\/10\/Control_Numeric_Ferreteria_Rubies_3-200x150.png 200w, https:\/\/rubies.compsaonline.com\/wp-content\/uploads\/2023\/10\/Control_Numeric_Ferreteria_Rubies_3-400x300.png 400w, https:\/\/rubies.compsaonline.com\/wp-content\/uploads\/2023\/10\/Control_Numeric_Ferreteria_Rubies_3-600x450.png 600w, https:\/\/rubies.compsaonline.com\/wp-content\/uploads\/2023\/10\/Control_Numeric_Ferreteria_Rubies_3-800x600.png 800w, https:\/\/rubies.compsaonline.com\/wp-content\/uploads\/2023\/10\/Control_Numeric_Ferreteria_Rubies_3.png 900w\" data-sizes=\"auto\" data-orig-sizes=\"(max-width: 1024px) 100vw, (max-width: 640px) 100vw, 800px\" \/><\/span><\/div><\/div><\/div><\/div><\/div><\/div><div class=\"fusion-layout-column fusion_builder_column fusion-builder-column-2 fusion_builder_column_1_1 1_1 fusion-flex-column\" style=\"--awb-padding-top:40px;--awb-bg-size:cover;--awb-width-large:100%;--awb-margin-top-large:0px;--awb-spacing-right-large:1.92%;--awb-margin-bottom-large:0px;--awb-spacing-left-large:1.92%;--awb-width-medium:100%;--awb-order-medium:0;--awb-spacing-right-medium:1.92%;--awb-spacing-left-medium:1.92%;--awb-width-small:100%;--awb-order-small:0;--awb-spacing-right-small:1.92%;--awb-spacing-left-small:1.92%;\"><div class=\"fusion-column-wrapper fusion-column-has-shadow fusion-flex-justify-content-flex-start fusion-content-layout-column\"><div class=\"fusion-builder-row fusion-builder-row-inner fusion-row fusion-flex-align-items-flex-start fusion-flex-content-wrap\" style=\"width:104% !important;max-width:104% !important;margin-left: calc(-4% \/ 2 );margin-right: calc(-4% \/ 2 );\"><div class=\"fusion-layout-column fusion_builder_column_inner fusion-builder-nested-column-2 fusion_builder_column_inner_1_4 1_4 fusion-flex-column fusion-flex-align-self-center\" style=\"--awb-bg-size:cover;--awb-width-large:25%;--awb-margin-top-large:0px;--awb-spacing-right-large:0%;--awb-margin-bottom-large:0px;--awb-spacing-left-large:7.68%;--awb-width-medium:100%;--awb-order-medium:0;--awb-spacing-right-medium:1.92%;--awb-spacing-left-medium:1.92%;--awb-width-small:100%;--awb-order-small:0;--awb-spacing-right-small:1.92%;--awb-spacing-left-small:1.92%;\"><div class=\"fusion-column-wrapper fusion-column-has-shadow fusion-flex-justify-content-flex-start fusion-content-layout-column\"><div class=\"fusion-image-element \" style=\"--awb-margin-top:-80px;--awb-margin-right:-80px;--awb-caption-title-font-family:var(--h2_typography-font-family);--awb-caption-title-font-weight:var(--h2_typography-font-weight);--awb-caption-title-font-style:var(--h2_typography-font-style);--awb-caption-title-size:var(--h2_typography-font-size);--awb-caption-title-transform:var(--h2_typography-text-transform);--awb-caption-title-line-height:var(--h2_typography-line-height);--awb-caption-title-letter-spacing:var(--h2_typography-letter-spacing);\"><span class=\" fusion-imageframe imageframe-none imageframe-2 hover-type-none\" style=\"border:15px solid var(--awb-color1);\"><img decoding=\"async\" width=\"300\" height=\"290\" title=\"Control_N\u00fameric_Ferreteria_Rubies_1\" src=\"https:\/\/rubies.compsaonline.com\/wp-content\/uploads\/2023\/10\/Control_Numeric_Ferreteria_Rubies_1.png\" data-orig-src=\"https:\/\/rubies.compsaonline.com\/wp-content\/uploads\/2023\/10\/Control_Numeric_Ferreteria_Rubies_1.png\" alt class=\"lazyload img-responsive wp-image-2118\" srcset=\"data:image\/svg+xml,%3Csvg%20xmlns%3D%27http%3A%2F%2Fwww.w3.org%2F2000%2Fsvg%27%20width%3D%27300%27%20height%3D%27290%27%20viewBox%3D%270%200%20300%20290%27%3E%3Crect%20width%3D%27300%27%20height%3D%27290%27%20fill-opacity%3D%220%22%2F%3E%3C%2Fsvg%3E\" data-srcset=\"https:\/\/rubies.compsaonline.com\/wp-content\/uploads\/2023\/10\/Control_Numeric_Ferreteria_Rubies_1-200x193.png 200w, https:\/\/rubies.compsaonline.com\/wp-content\/uploads\/2023\/10\/Control_Numeric_Ferreteria_Rubies_1.png 300w\" data-sizes=\"auto\" data-orig-sizes=\"(max-width: 1024px) 100vw, (max-width: 640px) 100vw, 300px\" \/><\/span><\/div><\/div><\/div><div class=\"fusion-layout-column fusion_builder_column_inner fusion-builder-nested-column-3 fusion_builder_column_inner_1_4 1_4 fusion-flex-column fusion-flex-align-self-center\" style=\"--awb-bg-size:cover;--awb-width-large:25%;--awb-margin-top-large:0px;--awb-spacing-right-large:7.68%;--awb-margin-bottom-large:0px;--awb-spacing-left-large:0%;--awb-width-medium:100%;--awb-order-medium:0;--awb-spacing-right-medium:1.92%;--awb-spacing-left-medium:1.92%;--awb-width-small:100%;--awb-order-small:0;--awb-spacing-right-small:1.92%;--awb-spacing-left-small:1.92%;\"><div class=\"fusion-column-wrapper fusion-column-has-shadow fusion-flex-justify-content-flex-start fusion-content-layout-column\"><div class=\"fusion-image-element \" style=\"--awb-margin-left:-50px;--awb-caption-title-font-family:var(--h2_typography-font-family);--awb-caption-title-font-weight:var(--h2_typography-font-weight);--awb-caption-title-font-style:var(--h2_typography-font-style);--awb-caption-title-size:var(--h2_typography-font-size);--awb-caption-title-transform:var(--h2_typography-text-transform);--awb-caption-title-line-height:var(--h2_typography-line-height);--awb-caption-title-letter-spacing:var(--h2_typography-letter-spacing);\"><span class=\" fusion-imageframe imageframe-none imageframe-3 hover-type-none\" style=\"border:15px solid var(--awb-color1);\"><img decoding=\"async\" width=\"350\" height=\"303\" title=\"Control_N\u00fameric_Ferreteria_Rubies_2\" src=\"https:\/\/rubies.compsaonline.com\/wp-content\/uploads\/2023\/10\/Control_Numeric_Ferreteria_Rubies_2.jpg\" data-orig-src=\"https:\/\/rubies.compsaonline.com\/wp-content\/uploads\/2023\/10\/Control_Numeric_Ferreteria_Rubies_2.jpg\" alt class=\"lazyload img-responsive wp-image-2117\" srcset=\"data:image\/svg+xml,%3Csvg%20xmlns%3D%27http%3A%2F%2Fwww.w3.org%2F2000%2Fsvg%27%20width%3D%27350%27%20height%3D%27303%27%20viewBox%3D%270%200%20350%20303%27%3E%3Crect%20width%3D%27350%27%20height%3D%27303%27%20fill-opacity%3D%220%22%2F%3E%3C%2Fsvg%3E\" data-srcset=\"https:\/\/rubies.compsaonline.com\/wp-content\/uploads\/2023\/10\/Control_Numeric_Ferreteria_Rubies_2-200x173.jpg 200w, https:\/\/rubies.compsaonline.com\/wp-content\/uploads\/2023\/10\/Control_Numeric_Ferreteria_Rubies_2.jpg 350w\" data-sizes=\"auto\" data-orig-sizes=\"(max-width: 1024px) 100vw, (max-width: 640px) 100vw, 350px\" \/><\/span><\/div><\/div><\/div><div class=\"fusion-layout-column fusion_builder_column_inner fusion-builder-nested-column-4 fusion_builder_column_inner_1_2 1_2 fusion-flex-column fusion-flex-align-self-center\" style=\"--awb-bg-size:cover;--awb-width-large:50%;--awb-margin-top-large:0px;--awb-spacing-right-large:3.84%;--awb-margin-bottom-large:0px;--awb-spacing-left-large:3.84%;--awb-width-medium:100%;--awb-order-medium:0;--awb-spacing-right-medium:1.92%;--awb-spacing-left-medium:1.92%;--awb-width-small:100%;--awb-order-small:0;--awb-spacing-right-small:1.92%;--awb-spacing-left-small:1.92%;\"><div class=\"fusion-column-wrapper fusion-column-has-shadow fusion-flex-justify-content-flex-start fusion-content-layout-column\"><div class=\"fusion-text fusion-text-2\"><h4><strong>Centro de mecanizado CNC<\/strong><\/h4>\n<p>Hemos instalado la maquinaria con control num\u00e9rico para que el profesional pueda ofrecer un valor a\u00f1adido a su proyecto que ning\u00fan fabricante mayor puede dar.<\/p>\n<h4><strong>El coste<\/strong><\/h4>\n<p>Con el centro de mecanizado y tu imaginaci\u00f3n se pueden conseguir nuevos productos completamente distintos al concepto que todos tenemos de la carpinter\u00eda hasta el momento actual. Tanto si se trabaja con DM como con madera, podr\u00e1s obtener nuevos acabados en los que el coste no es elevado.<\/p>\n<\/div><\/div><\/div><\/div><\/div><\/div><\/div><\/div>\n","protected":false},"excerpt":{"rendered":"","protected":false},"author":1,"featured_media":0,"parent":2189,"menu_order":0,"comment_status":"closed","ping_status":"closed","template":"100-width.php","meta":{"footnotes":""},"class_list":["post-2201","page","type-page","status-publish","hentry"],"yoast_head":"<!-- This site is optimized with the Yoast SEO plugin v21.4 - https:\/\/yoast.com\/wordpress\/plugins\/seo\/ -->\n<title>Control num\u00e9rico - Fusteria R\u00fabies<\/title>\n<meta name=\"robots\" content=\"noindex, follow, max-snippet:-1, max-image-preview:large, max-video-preview:-1\" \/>\n<meta property=\"og:locale\" content=\"es_ES\" \/>\n<meta property=\"og:type\" content=\"article\" \/>\n<meta property=\"og:title\" content=\"Control num\u00e9rico - Fusteria R\u00fabies\" \/>\n<meta property=\"og:url\" content=\"https:\/\/rubies.compsaonline.com\/es\/productos\/control-numerico\/\" \/>\n<meta property=\"og:site_name\" content=\"Fusteria R\u00fabies\" \/>\n<meta property=\"article:publisher\" content=\"https:\/\/www.facebook.com\/fusteria.ramonrubies\/?locale=es_ES\" \/>\n<meta property=\"article:modified_time\" content=\"2023-10-18T15:52:12+00:00\" \/>\n<meta name=\"twitter:card\" content=\"summary_large_image\" \/>\n<meta name=\"twitter:label1\" content=\"Tiempo de lectura\" \/>\n\t<meta name=\"twitter:data1\" content=\"14 minutos\" \/>\n<script type=\"application\/ld+json\" class=\"yoast-schema-graph\">{\"@context\":\"https:\/\/schema.org\",\"@graph\":[{\"@type\":\"WebPage\",\"@id\":\"https:\/\/rubies.compsaonline.com\/es\/productos\/control-numerico\/\",\"url\":\"https:\/\/rubies.compsaonline.com\/es\/productos\/control-numerico\/\",\"name\":\"Control num\u00e9rico - Fusteria R\u00fabies\",\"isPartOf\":{\"@id\":\"https:\/\/rubies.compsaonline.com\/es\/#website\"},\"datePublished\":\"2023-10-17T17:33:53+00:00\",\"dateModified\":\"2023-10-18T15:52:12+00:00\",\"breadcrumb\":{\"@id\":\"https:\/\/rubies.compsaonline.com\/es\/productos\/control-numerico\/#breadcrumb\"},\"inLanguage\":\"es\",\"potentialAction\":[{\"@type\":\"ReadAction\",\"target\":[\"https:\/\/rubies.compsaonline.com\/es\/productos\/control-numerico\/\"]}]},{\"@type\":\"BreadcrumbList\",\"@id\":\"https:\/\/rubies.compsaonline.com\/es\/productos\/control-numerico\/#breadcrumb\",\"itemListElement\":[{\"@type\":\"ListItem\",\"position\":1,\"name\":\"Portada\",\"item\":\"https:\/\/rubies.compsaonline.com\/es\/inicio\/\"},{\"@type\":\"ListItem\",\"position\":2,\"name\":\"Productos\",\"item\":\"https:\/\/rubies.compsaonline.com\/es\/productos\/\"},{\"@type\":\"ListItem\",\"position\":3,\"name\":\"Control num\u00e9rico\"}]},{\"@type\":\"WebSite\",\"@id\":\"https:\/\/rubies.compsaonline.com\/es\/#website\",\"url\":\"https:\/\/rubies.compsaonline.com\/es\/\",\"name\":\"Fusteria R\u00fabies\",\"description\":\"M\u00e9s de 50 anys dedicats a la fusta\",\"publisher\":{\"@id\":\"https:\/\/rubies.compsaonline.com\/es\/#organization\"},\"potentialAction\":[{\"@type\":\"SearchAction\",\"target\":{\"@type\":\"EntryPoint\",\"urlTemplate\":\"https:\/\/rubies.compsaonline.com\/es\/?s={search_term_string}\"},\"query-input\":\"required name=search_term_string\"}],\"inLanguage\":\"es\"},{\"@type\":\"Organization\",\"@id\":\"https:\/\/rubies.compsaonline.com\/es\/#organization\",\"name\":\"Fusteria R\u00fabies\",\"url\":\"https:\/\/rubies.compsaonline.com\/es\/\",\"logo\":{\"@type\":\"ImageObject\",\"inLanguage\":\"es\",\"@id\":\"https:\/\/rubies.compsaonline.com\/es\/#\/schema\/logo\/image\/\",\"url\":\"https:\/\/rubies.compsaonline.com\/wp-content\/uploads\/2023\/09\/Logo_Fusteria_Rubies_retina.png\",\"contentUrl\":\"https:\/\/rubies.compsaonline.com\/wp-content\/uploads\/2023\/09\/Logo_Fusteria_Rubies_retina.png\",\"width\":3842,\"height\":425,\"caption\":\"Fusteria R\u00fabies\"},\"image\":{\"@id\":\"https:\/\/rubies.compsaonline.com\/es\/#\/schema\/logo\/image\/\"},\"sameAs\":[\"https:\/\/www.facebook.com\/fusteria.ramonrubies\/?locale=es_ES\"]}]}<\/script>\n<!-- \/ Yoast SEO plugin. -->","yoast_head_json":{"title":"Control num\u00e9rico - Fusteria R\u00fabies","robots":{"index":"noindex","follow":"follow","max-snippet":"max-snippet:-1","max-image-preview":"max-image-preview:large","max-video-preview":"max-video-preview:-1"},"og_locale":"es_ES","og_type":"article","og_title":"Control num\u00e9rico - Fusteria R\u00fabies","og_url":"https:\/\/rubies.compsaonline.com\/es\/productos\/control-numerico\/","og_site_name":"Fusteria R\u00fabies","article_publisher":"https:\/\/www.facebook.com\/fusteria.ramonrubies\/?locale=es_ES","article_modified_time":"2023-10-18T15:52:12+00:00","twitter_card":"summary_large_image","twitter_misc":{"Tiempo de lectura":"14 minutos"},"schema":{"@context":"https:\/\/schema.org","@graph":[{"@type":"WebPage","@id":"https:\/\/rubies.compsaonline.com\/es\/productos\/control-numerico\/","url":"https:\/\/rubies.compsaonline.com\/es\/productos\/control-numerico\/","name":"Control num\u00e9rico - Fusteria R\u00fabies","isPartOf":{"@id":"https:\/\/rubies.compsaonline.com\/es\/#website"},"datePublished":"2023-10-17T17:33:53+00:00","dateModified":"2023-10-18T15:52:12+00:00","breadcrumb":{"@id":"https:\/\/rubies.compsaonline.com\/es\/productos\/control-numerico\/#breadcrumb"},"inLanguage":"es","potentialAction":[{"@type":"ReadAction","target":["https:\/\/rubies.compsaonline.com\/es\/productos\/control-numerico\/"]}]},{"@type":"BreadcrumbList","@id":"https:\/\/rubies.compsaonline.com\/es\/productos\/control-numerico\/#breadcrumb","itemListElement":[{"@type":"ListItem","position":1,"name":"Portada","item":"https:\/\/rubies.compsaonline.com\/es\/inicio\/"},{"@type":"ListItem","position":2,"name":"Productos","item":"https:\/\/rubies.compsaonline.com\/es\/productos\/"},{"@type":"ListItem","position":3,"name":"Control num\u00e9rico"}]},{"@type":"WebSite","@id":"https:\/\/rubies.compsaonline.com\/es\/#website","url":"https:\/\/rubies.compsaonline.com\/es\/","name":"Fusteria R\u00fabies","description":"M\u00e9s de 50 anys dedicats a la fusta","publisher":{"@id":"https:\/\/rubies.compsaonline.com\/es\/#organization"},"potentialAction":[{"@type":"SearchAction","target":{"@type":"EntryPoint","urlTemplate":"https:\/\/rubies.compsaonline.com\/es\/?s={search_term_string}"},"query-input":"required name=search_term_string"}],"inLanguage":"es"},{"@type":"Organization","@id":"https:\/\/rubies.compsaonline.com\/es\/#organization","name":"Fusteria R\u00fabies","url":"https:\/\/rubies.compsaonline.com\/es\/","logo":{"@type":"ImageObject","inLanguage":"es","@id":"https:\/\/rubies.compsaonline.com\/es\/#\/schema\/logo\/image\/","url":"https:\/\/rubies.compsaonline.com\/wp-content\/uploads\/2023\/09\/Logo_Fusteria_Rubies_retina.png","contentUrl":"https:\/\/rubies.compsaonline.com\/wp-content\/uploads\/2023\/09\/Logo_Fusteria_Rubies_retina.png","width":3842,"height":425,"caption":"Fusteria R\u00fabies"},"image":{"@id":"https:\/\/rubies.compsaonline.com\/es\/#\/schema\/logo\/image\/"},"sameAs":["https:\/\/www.facebook.com\/fusteria.ramonrubies\/?locale=es_ES"]}]}},"_links":{"self":[{"href":"https:\/\/rubies.compsaonline.com\/es\/wp-json\/wp\/v2\/pages\/2201","targetHints":{"allow":["GET"]}}],"collection":[{"href":"https:\/\/rubies.compsaonline.com\/es\/wp-json\/wp\/v2\/pages"}],"about":[{"href":"https:\/\/rubies.compsaonline.com\/es\/wp-json\/wp\/v2\/types\/page"}],"author":[{"embeddable":true,"href":"https:\/\/rubies.compsaonline.com\/es\/wp-json\/wp\/v2\/users\/1"}],"replies":[{"embeddable":true,"href":"https:\/\/rubies.compsaonline.com\/es\/wp-json\/wp\/v2\/comments?post=2201"}],"version-history":[{"count":10,"href":"https:\/\/rubies.compsaonline.com\/es\/wp-json\/wp\/v2\/pages\/2201\/revisions"}],"predecessor-version":[{"id":2291,"href":"https:\/\/rubies.compsaonline.com\/es\/wp-json\/wp\/v2\/pages\/2201\/revisions\/2291"}],"up":[{"embeddable":true,"href":"https:\/\/rubies.compsaonline.com\/es\/wp-json\/wp\/v2\/pages\/2189"}],"wp:attachment":[{"href":"https:\/\/rubies.compsaonline.com\/es\/wp-json\/wp\/v2\/media?parent=2201"}],"curies":[{"name":"wp","href":"https:\/\/api.w.org\/{rel}","templated":true}]}}