{"id":2218,"date":"2023-10-17T18:36:56","date_gmt":"2023-10-17T16:36:56","guid":{"rendered":"https:\/\/rubies.compsaonline.com\/proyectos\/"},"modified":"2023-10-18T17:54:03","modified_gmt":"2023-10-18T15:54:03","slug":"proyectos","status":"publish","type":"page","link":"https:\/\/rubies.compsaonline.com\/es\/proyectos\/","title":{"rendered":"Proyectos"},"content":{"rendered":"<div class=\"fusion-fullwidth fullwidth-box fusion-builder-row-1 fusion-flex-container has-pattern-background has-mask-background nonhundred-percent-fullwidth non-hundred-percent-height-scrolling\" style=\"--awb-border-radius-top-left:0px;--awb-border-radius-top-right:0px;--awb-border-radius-bottom-right:0px;--awb-border-radius-bottom-left:0px;--awb-flex-wrap:wrap;\" ><div class=\"fusion-builder-row fusion-row fusion-flex-align-items-flex-start fusion-flex-content-wrap\" style=\"max-width:1331.2px;margin-left: calc(-4% \/ 2 );margin-right: calc(-4% \/ 2 );\"><div class=\"fusion-layout-column fusion_builder_column fusion-builder-column-0 fusion_builder_column_1_1 1_1 fusion-flex-column\" style=\"--awb-padding-right:15%;--awb-padding-left:15%;--awb-padding-right-medium:60px;--awb-padding-left-medium:60px;--awb-padding-right-small:40px;--awb-padding-left-small:40px;--awb-bg-blend:overlay;--awb-bg-size:cover;--awb-width-large:100%;--awb-margin-top-large:42px;--awb-spacing-right-large:1.92%;--awb-margin-bottom-large:20px;--awb-spacing-left-large:1.92%;--awb-width-medium:100%;--awb-spacing-right-medium:1.92%;--awb-margin-bottom-medium:0px;--awb-spacing-left-medium:1.92%;--awb-width-small:100%;--awb-spacing-right-small:1.92%;--awb-spacing-left-small:1.92%;\" id=\"projectes\"><div class=\"fusion-column-wrapper fusion-flex-justify-content-flex-start fusion-content-layout-column\"><div class=\"fusion-title title fusion-title-1 fusion-sep-none fusion-title-center fusion-title-text fusion-title-size-two\" style=\"--awb-text-color:rgba(94,61,44,0.1);--awb-margin-bottom-small:10px;--awb-font-size:70px;\"><h2 class=\"fusion-title-heading title-heading-center fusion-responsive-typography-calculated\" style=\"font-family:&quot;Open Sans&quot;;font-style:italic;font-weight:800;margin:0;font-size:1em;text-transform:none;--fontSize:70;line-height:1.3;\">realizados<\/h2><\/div><div class=\"fusion-title title fusion-title-2 fusion-sep-none fusion-title-center fusion-title-text fusion-title-size-three\" style=\"--awb-text-color:var(--awb-color8);--awb-margin-top:-70px;--awb-font-size:40px;\"><h3 class=\"fusion-title-heading title-heading-center fusion-responsive-typography-calculated\" style=\"font-family:&quot;Open Sans&quot;;font-style:normal;font-weight:500;margin:0;font-size:1em;text-transform:capitalize;--fontSize:40;line-height:1.45;\">PROYECTOS<\/h3><\/div><div class=\"fusion-separator\" style=\"align-self: center;margin-left: auto;margin-right: auto;margin-top:0px;margin-bottom:30px;width:100%;max-width:40px;\"><div class=\"fusion-separator-border sep-single sep-solid\" style=\"--awb-height:20px;--awb-amount:20px;--awb-sep-color:var(--awb-color5);border-color:var(--awb-color5);border-top-width:4px;\"><\/div><\/div><div class=\"fusion-text fusion-text-1\"><p style=\"text-align: center;\">Los proyectos de Carpinter\u00eda R\u00fabies son testigos de nuestra <strong>pasi\u00f3n y habilidad.<\/strong> Cada pieza de mobiliario es una obra de arte a medida, llena de creatividad y precisi\u00f3n, transformando espacios en sitios \u00fanicos y funcionales.<\/p>\n<\/div><\/div><\/div><div class=\"fusion-layout-column fusion_builder_column fusion-builder-column-1 fusion_builder_column_1_1 1_1 fusion-flex-column\" style=\"--awb-bg-blend:overlay;--awb-bg-size:cover;--awb-width-large:100%;--awb-margin-top-large:0px;--awb-spacing-right-large:1.92%;--awb-margin-bottom-large:40px;--awb-spacing-left-large:1.92%;--awb-width-medium:100%;--awb-spacing-right-medium:1.92%;--awb-spacing-left-medium:1.92%;--awb-width-small:100%;--awb-spacing-right-small:1.92%;--awb-spacing-left-small:1.92%;\"><div class=\"fusion-column-wrapper fusion-flex-justify-content-flex-start fusion-content-layout-column\"><style type=\"text\/css\">.fusion-portfolio-wrapper#fusion-portfolio-1 .fusion-portfolio-content{ padding: 25px 25px 25px 25px; text-align: center; }<\/style><div class=\"fusion-recent-works fusion-portfolio-element fusion-portfolio fusion-portfolio-1 fusion-portfolio-grid fusion-portfolio-paging-infinite fusion-portfolio-three fusion-portfolio-boxed fusion-portfolio-text fusion-portfolio-rollover\" data-id=\"-rw-1\" data-columns=\"three\"><style type=\"text\/css\">.fusion-portfolio-1 .fusion-portfolio-wrapper .fusion-col-spacing{padding:6px;}<\/style><div class=\"fusion-portfolio-wrapper\" id=\"fusion-portfolio-1\" data-picturesize=\"auto\" data-pages=\"1\" style=\"margin:-6px;\"><article id=\"portfolio-1-post-2165\" class=\"fusion-portfolio-post fabricacion instalacion fusion-col-spacing post-2165\"><div class=\"fusion-portfolio-content-wrapper\" style=\"border:1px solid var(--awb-color1);border-bottom-width:3px;background-color:var(--awb-color3);\"><span class=\"vcard rich-snippet-hidden\"><span class=\"fn\"><a href=\"https:\/\/rubies.compsaonline.com\/es\/author\/angel_3ms5p6ly\/\" title=\"Entradas de admin\" rel=\"author\">admin<\/a><\/span><\/span><span class=\"updated rich-snippet-hidden\">2023-10-18T16:28:28+02:00<\/span><div  class=\"fusion-image-wrapper\" aria-haspopup=\"true\">\n\t\t\t\t<img decoding=\"async\" width=\"2560\" height=\"1920\" src=\"https:\/\/rubies.compsaonline.com\/wp-content\/uploads\/2023\/09\/Mobles_a_Mida_Fusteria_Rubies-scaled.jpg\" class=\"attachment-full size-full lazyload wp-post-image\" alt=\"\" srcset=\"data:image\/svg+xml,%3Csvg%20xmlns%3D%27http%3A%2F%2Fwww.w3.org%2F2000%2Fsvg%27%20width%3D%272560%27%20height%3D%271920%27%20viewBox%3D%270%200%202560%201920%27%3E%3Crect%20width%3D%272560%27%20height%3D%271920%27%20fill-opacity%3D%220%22%2F%3E%3C%2Fsvg%3E\" data-orig-src=\"https:\/\/rubies.compsaonline.com\/wp-content\/uploads\/2023\/09\/Mobles_a_Mida_Fusteria_Rubies-scaled.jpg\" data-srcset=\"https:\/\/rubies.compsaonline.com\/wp-content\/uploads\/2023\/09\/Mobles_a_Mida_Fusteria_Rubies-200x150.jpg 200w, https:\/\/rubies.compsaonline.com\/wp-content\/uploads\/2023\/09\/Mobles_a_Mida_Fusteria_Rubies-400x300.jpg 400w, https:\/\/rubies.compsaonline.com\/wp-content\/uploads\/2023\/09\/Mobles_a_Mida_Fusteria_Rubies-600x450.jpg 600w, https:\/\/rubies.compsaonline.com\/wp-content\/uploads\/2023\/09\/Mobles_a_Mida_Fusteria_Rubies-800x600.jpg 800w, https:\/\/rubies.compsaonline.com\/wp-content\/uploads\/2023\/09\/Mobles_a_Mida_Fusteria_Rubies-1200x900.jpg 1200w, https:\/\/rubies.compsaonline.com\/wp-content\/uploads\/2023\/09\/Mobles_a_Mida_Fusteria_Rubies-scaled.jpg 2560w\" data-sizes=\"auto\" \/><div class=\"fusion-rollover\">\n\t<div class=\"fusion-rollover-content\">\n\n\t\t\t\t\t\t\t\t\t\t\t\t\t\t<a class=\"fusion-rollover-link\" href=\"https:\/\/rubies.compsaonline.com\/es\/portfolio-items\/muebles-a-medida\/\">Muebles a medida<\/a>\n\t\t\t\n\t\t\t\t\t\t\t\t\t\t\t\t\t\t\n\t\t\t\t\t\t\t\t\n\t\t\t\t\t\t\t\t\t\t\t\t\t<div class=\"fusion-rollover-sep\"><\/div>\n\t\t\t\t\n\t\t\t\t\t\t\t\t\t\t\t\t\t\t\t\t\t\t<a class=\"fusion-rollover-gallery\" href=\"https:\/\/rubies.compsaonline.com\/wp-content\/uploads\/2023\/09\/Mobles_a_Mida_Fusteria_Rubies-scaled.jpg\" data-id=\"2165\" data-rel=\"iLightbox[gallery-rw-1]\" data-title=\"Mobles_a_Mida_Fusteria_R\u00fabies\" data-caption=\"\">\n\t\t\t\t\t\tGaler\u00eda\t\t\t\t\t<\/a>\n\t\t\t\t\t\t\t\t\t\t\t\t\t\t\n\t\t\n\t\t\t\t\t\t\t\t\t\t\t\t<h4 class=\"fusion-rollover-title\">\n\t\t\t\t\t<a class=\"fusion-rollover-title-link\" href=\"https:\/\/rubies.compsaonline.com\/es\/portfolio-items\/muebles-a-medida\/\">\n\t\t\t\t\t\tMuebles a medida\t\t\t\t\t<\/a>\n\t\t\t\t<\/h4>\n\t\t\t\n\t\t\t\t\t\t\t\t\t\t<div class=\"fusion-rollover-categories\"><a href=\"https:\/\/rubies.compsaonline.com\/es\/portfolio_category\/fabricacion\/\" rel=\"tag\">Fabricaci\u00f3n<\/a>, <a href=\"https:\/\/rubies.compsaonline.com\/es\/portfolio_category\/instalacion\/\" rel=\"tag\">Instalaci\u00f3n<\/a><\/div>\t\t\t\t\t\n\t\t\n\t\t\t\t\t\t<a class=\"fusion-link-wrapper\" href=\"https:\/\/rubies.compsaonline.com\/es\/portfolio-items\/muebles-a-medida\/\" aria-label=\"Muebles a medida\"><\/a>\n\t<\/div>\n<\/div>\n<\/div>\n<div class=\"fusion-portfolio-content\" style=\"background-color:var(--awb-color3);\"><h2 class=\"entry-title fusion-post-title\"><a href=\"https:\/\/rubies.compsaonline.com\/es\/portfolio-items\/muebles-a-medida\/\">Muebles a medida<\/a><\/h2><div class=\"fusion-post-content\"><\/div><\/div><\/div><\/article><article id=\"portfolio-1-post-2169\" class=\"fusion-portfolio-post fabricacion instalacion fusion-col-spacing post-2169\"><div class=\"fusion-portfolio-content-wrapper\" style=\"border:1px solid var(--awb-color1);border-bottom-width:3px;background-color:var(--awb-color3);\"><span class=\"vcard rich-snippet-hidden\"><span class=\"fn\"><a href=\"https:\/\/rubies.compsaonline.com\/es\/author\/angel_3ms5p6ly\/\" title=\"Entradas de admin\" rel=\"author\">admin<\/a><\/span><\/span><span class=\"updated rich-snippet-hidden\">2023-10-18T16:31:29+02:00<\/span><div  class=\"fusion-image-wrapper\" aria-haspopup=\"true\">\n\t\t\t\t<img decoding=\"async\" width=\"2560\" height=\"1920\" src=\"https:\/\/rubies.compsaonline.com\/wp-content\/uploads\/2023\/09\/Sostre_a_Mida_Fusteria_Rubies_02-scaled.jpg\" class=\"attachment-full size-full lazyload wp-post-image\" alt=\"\" srcset=\"data:image\/svg+xml,%3Csvg%20xmlns%3D%27http%3A%2F%2Fwww.w3.org%2F2000%2Fsvg%27%20width%3D%272560%27%20height%3D%271920%27%20viewBox%3D%270%200%202560%201920%27%3E%3Crect%20width%3D%272560%27%20height%3D%271920%27%20fill-opacity%3D%220%22%2F%3E%3C%2Fsvg%3E\" data-orig-src=\"https:\/\/rubies.compsaonline.com\/wp-content\/uploads\/2023\/09\/Sostre_a_Mida_Fusteria_Rubies_02-scaled.jpg\" data-srcset=\"https:\/\/rubies.compsaonline.com\/wp-content\/uploads\/2023\/09\/Sostre_a_Mida_Fusteria_Rubies_02-200x150.jpg 200w, https:\/\/rubies.compsaonline.com\/wp-content\/uploads\/2023\/09\/Sostre_a_Mida_Fusteria_Rubies_02-400x300.jpg 400w, https:\/\/rubies.compsaonline.com\/wp-content\/uploads\/2023\/09\/Sostre_a_Mida_Fusteria_Rubies_02-600x450.jpg 600w, https:\/\/rubies.compsaonline.com\/wp-content\/uploads\/2023\/09\/Sostre_a_Mida_Fusteria_Rubies_02-800x600.jpg 800w, https:\/\/rubies.compsaonline.com\/wp-content\/uploads\/2023\/09\/Sostre_a_Mida_Fusteria_Rubies_02-1200x900.jpg 1200w, https:\/\/rubies.compsaonline.com\/wp-content\/uploads\/2023\/09\/Sostre_a_Mida_Fusteria_Rubies_02-scaled.jpg 2560w\" data-sizes=\"auto\" \/><div class=\"fusion-rollover\">\n\t<div class=\"fusion-rollover-content\">\n\n\t\t\t\t\t\t\t\t\t\t\t\t\t\t<a class=\"fusion-rollover-link\" href=\"https:\/\/rubies.compsaonline.com\/es\/portfolio-items\/techo-a-medida\/\">Techo a medida<\/a>\n\t\t\t\n\t\t\t\t\t\t\t\t\t\t\t\t\t\t\n\t\t\t\t\t\t\t\t\n\t\t\t\t\t\t\t\t\t\t\t\t\t<div class=\"fusion-rollover-sep\"><\/div>\n\t\t\t\t\n\t\t\t\t\t\t\t\t\t\t\t\t\t\t\t\t\t\t<a class=\"fusion-rollover-gallery\" href=\"https:\/\/rubies.compsaonline.com\/wp-content\/uploads\/2023\/09\/Sostre_a_Mida_Fusteria_Rubies_02-scaled.jpg\" data-id=\"2169\" data-rel=\"iLightbox[gallery-rw-1]\" data-title=\"Sostre_a_Mida_Fusteria_R\u00fabies_02\" data-caption=\"\">\n\t\t\t\t\t\tGaler\u00eda\t\t\t\t\t<\/a>\n\t\t\t\t\t\t\t\t\t\t\t\t\t\t\n\t\t\n\t\t\t\t\t\t\t\t\t\t\t\t<h4 class=\"fusion-rollover-title\">\n\t\t\t\t\t<a class=\"fusion-rollover-title-link\" href=\"https:\/\/rubies.compsaonline.com\/es\/portfolio-items\/techo-a-medida\/\">\n\t\t\t\t\t\tTecho a medida\t\t\t\t\t<\/a>\n\t\t\t\t<\/h4>\n\t\t\t\n\t\t\t\t\t\t\t\t\t\t<div class=\"fusion-rollover-categories\"><a href=\"https:\/\/rubies.compsaonline.com\/es\/portfolio_category\/fabricacion\/\" rel=\"tag\">Fabricaci\u00f3n<\/a>, <a href=\"https:\/\/rubies.compsaonline.com\/es\/portfolio_category\/instalacion\/\" rel=\"tag\">Instalaci\u00f3n<\/a><\/div>\t\t\t\t\t\n\t\t\n\t\t\t\t\t\t<a class=\"fusion-link-wrapper\" href=\"https:\/\/rubies.compsaonline.com\/es\/portfolio-items\/techo-a-medida\/\" aria-label=\"Techo a medida\"><\/a>\n\t<\/div>\n<\/div>\n<\/div>\n<div class=\"fusion-portfolio-content\" style=\"background-color:var(--awb-color3);\"><h2 class=\"entry-title fusion-post-title\"><a href=\"https:\/\/rubies.compsaonline.com\/es\/portfolio-items\/techo-a-medida\/\">Techo a medida<\/a><\/h2><div class=\"fusion-post-content\"><\/div><\/div><\/div><\/article><article id=\"portfolio-1-post-2173\" class=\"fusion-portfolio-post reforma-es fusion-col-spacing post-2173\"><div class=\"fusion-portfolio-content-wrapper\" style=\"border:1px solid var(--awb-color1);border-bottom-width:3px;background-color:var(--awb-color3);\"><span class=\"vcard rich-snippet-hidden\"><span class=\"fn\"><a href=\"https:\/\/rubies.compsaonline.com\/es\/author\/angel_3ms5p6ly\/\" title=\"Entradas de admin\" rel=\"author\">admin<\/a><\/span><\/span><span class=\"updated rich-snippet-hidden\">2023-10-18T16:34:01+02:00<\/span><div  class=\"fusion-image-wrapper\" aria-haspopup=\"true\">\n\t\t\t\t<img decoding=\"async\" width=\"2048\" height=\"1536\" src=\"https:\/\/rubies.compsaonline.com\/wp-content\/uploads\/2015\/06\/Cuina_a_Mida_Fusteria_Rubies_04.jpeg\" class=\"attachment-full size-full lazyload wp-post-image\" alt=\"\" srcset=\"data:image\/svg+xml,%3Csvg%20xmlns%3D%27http%3A%2F%2Fwww.w3.org%2F2000%2Fsvg%27%20width%3D%272048%27%20height%3D%271536%27%20viewBox%3D%270%200%202048%201536%27%3E%3Crect%20width%3D%272048%27%20height%3D%271536%27%20fill-opacity%3D%220%22%2F%3E%3C%2Fsvg%3E\" data-orig-src=\"https:\/\/rubies.compsaonline.com\/wp-content\/uploads\/2015\/06\/Cuina_a_Mida_Fusteria_Rubies_04.jpeg\" data-srcset=\"https:\/\/rubies.compsaonline.com\/wp-content\/uploads\/2015\/06\/Cuina_a_Mida_Fusteria_Rubies_04-200x150.jpeg 200w, https:\/\/rubies.compsaonline.com\/wp-content\/uploads\/2015\/06\/Cuina_a_Mida_Fusteria_Rubies_04-400x300.jpeg 400w, https:\/\/rubies.compsaonline.com\/wp-content\/uploads\/2015\/06\/Cuina_a_Mida_Fusteria_Rubies_04-600x450.jpeg 600w, https:\/\/rubies.compsaonline.com\/wp-content\/uploads\/2015\/06\/Cuina_a_Mida_Fusteria_Rubies_04-800x600.jpeg 800w, https:\/\/rubies.compsaonline.com\/wp-content\/uploads\/2015\/06\/Cuina_a_Mida_Fusteria_Rubies_04-1200x900.jpeg 1200w, https:\/\/rubies.compsaonline.com\/wp-content\/uploads\/2015\/06\/Cuina_a_Mida_Fusteria_Rubies_04.jpeg 2048w\" data-sizes=\"auto\" \/><div class=\"fusion-rollover\">\n\t<div class=\"fusion-rollover-content\">\n\n\t\t\t\t\t\t\t\t\t\t\t\t\t\t<a class=\"fusion-rollover-link\" href=\"https:\/\/rubies.compsaonline.com\/es\/portfolio-items\/cocina-a-medida\/\">Cocina a medida<\/a>\n\t\t\t\n\t\t\t\t\t\t\t\t\t\t\t\t\t\t\n\t\t\t\t\t\t\t\t\n\t\t\t\t\t\t\t\t\t\t\t\t\t<div class=\"fusion-rollover-sep\"><\/div>\n\t\t\t\t\n\t\t\t\t\t\t\t\t\t\t\t\t\t\t\t\t\t\t<a class=\"fusion-rollover-gallery\" href=\"https:\/\/rubies.compsaonline.com\/wp-content\/uploads\/2015\/06\/Cuina_a_Mida_Fusteria_Rubies_04.jpeg\" data-id=\"2173\" data-rel=\"iLightbox[gallery-rw-1]\" data-title=\"Cuina_a_Mida_Fusteria_Rubies_04\" data-caption=\"\">\n\t\t\t\t\t\tGaler\u00eda\t\t\t\t\t<\/a>\n\t\t\t\t\t\t\t\t\t\t\t\t\t\t\n\t\t\n\t\t\t\t\t\t\t\t\t\t\t\t<h4 class=\"fusion-rollover-title\">\n\t\t\t\t\t<a class=\"fusion-rollover-title-link\" href=\"https:\/\/rubies.compsaonline.com\/es\/portfolio-items\/cocina-a-medida\/\">\n\t\t\t\t\t\tCocina a medida\t\t\t\t\t<\/a>\n\t\t\t\t<\/h4>\n\t\t\t\n\t\t\t\t\t\t\t\t\t\t<div class=\"fusion-rollover-categories\"><a href=\"https:\/\/rubies.compsaonline.com\/es\/portfolio_category\/reforma-es\/\" rel=\"tag\">Reforma<\/a><\/div>\t\t\t\t\t\n\t\t\n\t\t\t\t\t\t<a class=\"fusion-link-wrapper\" href=\"https:\/\/rubies.compsaonline.com\/es\/portfolio-items\/cocina-a-medida\/\" aria-label=\"Cocina a medida\"><\/a>\n\t<\/div>\n<\/div>\n<\/div>\n<div class=\"fusion-portfolio-content\" style=\"background-color:var(--awb-color3);\"><h2 class=\"entry-title fusion-post-title\"><a href=\"https:\/\/rubies.compsaonline.com\/es\/portfolio-items\/cocina-a-medida\/\">Cocina a medida<\/a><\/h2><div class=\"fusion-post-content\"><\/div><\/div><\/div><\/article><\/div><\/div><\/div><\/div><\/div><\/div>\n","protected":false},"excerpt":{"rendered":"","protected":false},"author":1,"featured_media":0,"parent":0,"menu_order":0,"comment_status":"closed","ping_status":"closed","template":"100-width.php","meta":{"footnotes":""},"class_list":["post-2218","page","type-page","status-publish","hentry"],"yoast_head":"<!-- This site is optimized with the Yoast SEO plugin v21.4 - https:\/\/yoast.com\/wordpress\/plugins\/seo\/ -->\n<title>Proyectos - Fusteria R\u00fabies<\/title>\n<meta name=\"robots\" content=\"noindex, follow, max-snippet:-1, max-image-preview:large, max-video-preview:-1\" \/>\n<meta property=\"og:locale\" content=\"es_ES\" \/>\n<meta property=\"og:type\" content=\"article\" \/>\n<meta property=\"og:title\" content=\"Proyectos - Fusteria R\u00fabies\" \/>\n<meta property=\"og:url\" content=\"https:\/\/rubies.compsaonline.com\/es\/proyectos\/\" \/>\n<meta property=\"og:site_name\" content=\"Fusteria R\u00fabies\" \/>\n<meta property=\"article:publisher\" content=\"https:\/\/www.facebook.com\/fusteria.ramonrubies\/?locale=es_ES\" \/>\n<meta property=\"article:modified_time\" content=\"2023-10-18T15:54:03+00:00\" \/>\n<meta name=\"twitter:card\" content=\"summary_large_image\" \/>\n<meta name=\"twitter:label1\" content=\"Tiempo de lectura\" \/>\n\t<meta name=\"twitter:data1\" content=\"4 minutos\" \/>\n<script type=\"application\/ld+json\" class=\"yoast-schema-graph\">{\"@context\":\"https:\/\/schema.org\",\"@graph\":[{\"@type\":\"WebPage\",\"@id\":\"https:\/\/rubies.compsaonline.com\/es\/proyectos\/\",\"url\":\"https:\/\/rubies.compsaonline.com\/es\/proyectos\/\",\"name\":\"Proyectos - Fusteria R\u00fabies\",\"isPartOf\":{\"@id\":\"https:\/\/rubies.compsaonline.com\/es\/#website\"},\"datePublished\":\"2023-10-17T16:36:56+00:00\",\"dateModified\":\"2023-10-18T15:54:03+00:00\",\"breadcrumb\":{\"@id\":\"https:\/\/rubies.compsaonline.com\/es\/proyectos\/#breadcrumb\"},\"inLanguage\":\"es\",\"potentialAction\":[{\"@type\":\"ReadAction\",\"target\":[\"https:\/\/rubies.compsaonline.com\/es\/proyectos\/\"]}]},{\"@type\":\"BreadcrumbList\",\"@id\":\"https:\/\/rubies.compsaonline.com\/es\/proyectos\/#breadcrumb\",\"itemListElement\":[{\"@type\":\"ListItem\",\"position\":1,\"name\":\"Portada\",\"item\":\"https:\/\/rubies.compsaonline.com\/es\/inicio\/\"},{\"@type\":\"ListItem\",\"position\":2,\"name\":\"Proyectos\"}]},{\"@type\":\"WebSite\",\"@id\":\"https:\/\/rubies.compsaonline.com\/es\/#website\",\"url\":\"https:\/\/rubies.compsaonline.com\/es\/\",\"name\":\"Fusteria R\u00fabies\",\"description\":\"M\u00e9s de 50 anys dedicats a la fusta\",\"publisher\":{\"@id\":\"https:\/\/rubies.compsaonline.com\/es\/#organization\"},\"potentialAction\":[{\"@type\":\"SearchAction\",\"target\":{\"@type\":\"EntryPoint\",\"urlTemplate\":\"https:\/\/rubies.compsaonline.com\/es\/?s={search_term_string}\"},\"query-input\":\"required name=search_term_string\"}],\"inLanguage\":\"es\"},{\"@type\":\"Organization\",\"@id\":\"https:\/\/rubies.compsaonline.com\/es\/#organization\",\"name\":\"Fusteria R\u00fabies\",\"url\":\"https:\/\/rubies.compsaonline.com\/es\/\",\"logo\":{\"@type\":\"ImageObject\",\"inLanguage\":\"es\",\"@id\":\"https:\/\/rubies.compsaonline.com\/es\/#\/schema\/logo\/image\/\",\"url\":\"https:\/\/rubies.compsaonline.com\/wp-content\/uploads\/2023\/09\/Logo_Fusteria_Rubies_retina.png\",\"contentUrl\":\"https:\/\/rubies.compsaonline.com\/wp-content\/uploads\/2023\/09\/Logo_Fusteria_Rubies_retina.png\",\"width\":3842,\"height\":425,\"caption\":\"Fusteria R\u00fabies\"},\"image\":{\"@id\":\"https:\/\/rubies.compsaonline.com\/es\/#\/schema\/logo\/image\/\"},\"sameAs\":[\"https:\/\/www.facebook.com\/fusteria.ramonrubies\/?locale=es_ES\"]}]}<\/script>\n<!-- \/ Yoast SEO plugin. -->","yoast_head_json":{"title":"Proyectos - Fusteria R\u00fabies","robots":{"index":"noindex","follow":"follow","max-snippet":"max-snippet:-1","max-image-preview":"max-image-preview:large","max-video-preview":"max-video-preview:-1"},"og_locale":"es_ES","og_type":"article","og_title":"Proyectos - Fusteria R\u00fabies","og_url":"https:\/\/rubies.compsaonline.com\/es\/proyectos\/","og_site_name":"Fusteria R\u00fabies","article_publisher":"https:\/\/www.facebook.com\/fusteria.ramonrubies\/?locale=es_ES","article_modified_time":"2023-10-18T15:54:03+00:00","twitter_card":"summary_large_image","twitter_misc":{"Tiempo de lectura":"4 minutos"},"schema":{"@context":"https:\/\/schema.org","@graph":[{"@type":"WebPage","@id":"https:\/\/rubies.compsaonline.com\/es\/proyectos\/","url":"https:\/\/rubies.compsaonline.com\/es\/proyectos\/","name":"Proyectos - Fusteria R\u00fabies","isPartOf":{"@id":"https:\/\/rubies.compsaonline.com\/es\/#website"},"datePublished":"2023-10-17T16:36:56+00:00","dateModified":"2023-10-18T15:54:03+00:00","breadcrumb":{"@id":"https:\/\/rubies.compsaonline.com\/es\/proyectos\/#breadcrumb"},"inLanguage":"es","potentialAction":[{"@type":"ReadAction","target":["https:\/\/rubies.compsaonline.com\/es\/proyectos\/"]}]},{"@type":"BreadcrumbList","@id":"https:\/\/rubies.compsaonline.com\/es\/proyectos\/#breadcrumb","itemListElement":[{"@type":"ListItem","position":1,"name":"Portada","item":"https:\/\/rubies.compsaonline.com\/es\/inicio\/"},{"@type":"ListItem","position":2,"name":"Proyectos"}]},{"@type":"WebSite","@id":"https:\/\/rubies.compsaonline.com\/es\/#website","url":"https:\/\/rubies.compsaonline.com\/es\/","name":"Fusteria R\u00fabies","description":"M\u00e9s de 50 anys dedicats a la fusta","publisher":{"@id":"https:\/\/rubies.compsaonline.com\/es\/#organization"},"potentialAction":[{"@type":"SearchAction","target":{"@type":"EntryPoint","urlTemplate":"https:\/\/rubies.compsaonline.com\/es\/?s={search_term_string}"},"query-input":"required name=search_term_string"}],"inLanguage":"es"},{"@type":"Organization","@id":"https:\/\/rubies.compsaonline.com\/es\/#organization","name":"Fusteria R\u00fabies","url":"https:\/\/rubies.compsaonline.com\/es\/","logo":{"@type":"ImageObject","inLanguage":"es","@id":"https:\/\/rubies.compsaonline.com\/es\/#\/schema\/logo\/image\/","url":"https:\/\/rubies.compsaonline.com\/wp-content\/uploads\/2023\/09\/Logo_Fusteria_Rubies_retina.png","contentUrl":"https:\/\/rubies.compsaonline.com\/wp-content\/uploads\/2023\/09\/Logo_Fusteria_Rubies_retina.png","width":3842,"height":425,"caption":"Fusteria R\u00fabies"},"image":{"@id":"https:\/\/rubies.compsaonline.com\/es\/#\/schema\/logo\/image\/"},"sameAs":["https:\/\/www.facebook.com\/fusteria.ramonrubies\/?locale=es_ES"]}]}},"_links":{"self":[{"href":"https:\/\/rubies.compsaonline.com\/es\/wp-json\/wp\/v2\/pages\/2218","targetHints":{"allow":["GET"]}}],"collection":[{"href":"https:\/\/rubies.compsaonline.com\/es\/wp-json\/wp\/v2\/pages"}],"about":[{"href":"https:\/\/rubies.compsaonline.com\/es\/wp-json\/wp\/v2\/types\/page"}],"author":[{"embeddable":true,"href":"https:\/\/rubies.compsaonline.com\/es\/wp-json\/wp\/v2\/users\/1"}],"replies":[{"embeddable":true,"href":"https:\/\/rubies.compsaonline.com\/es\/wp-json\/wp\/v2\/comments?post=2218"}],"version-history":[{"count":7,"href":"https:\/\/rubies.compsaonline.com\/es\/wp-json\/wp\/v2\/pages\/2218\/revisions"}],"predecessor-version":[{"id":2317,"href":"https:\/\/rubies.compsaonline.com\/es\/wp-json\/wp\/v2\/pages\/2218\/revisions\/2317"}],"wp:attachment":[{"href":"https:\/\/rubies.compsaonline.com\/es\/wp-json\/wp\/v2\/media?parent=2218"}],"curies":[{"name":"wp","href":"https:\/\/api.w.org\/{rel}","templated":true}]}}